{"id":596,"date":"2024-04-30T12:30:50","date_gmt":"2024-04-30T10:30:50","guid":{"rendered":"https:\/\/2025.spartacus.cruises\/?page_id=596"},"modified":"2026-01-07T14:01:36","modified_gmt":"2026-01-07T13:01:36","slug":"mentions-legales","status":"publish","type":"page","link":"https:\/\/2026.spartacus.cruises\/fr\/mentions-legales\/","title":{"rendered":"Mentions l\u00e9gales"},"content":{"rendered":"<style>.kb-row-layout-wrap.wp-block-kadence-rowlayout.kb-row-layout-id596_f9f951-a7{margin-top:0px;margin-bottom:0px;}.kb-row-layout-id596_f9f951-a7 > .kt-row-column-wrap{align-content:center;}:where(.kb-row-layout-id596_f9f951-a7 > .kt-row-column-wrap) > .wp-block-kadence-column{justify-content:center;}.kb-row-layout-id596_f9f951-a7 > .kt-row-column-wrap{column-gap:var(--global-kb-gap-md, 2rem);row-gap:var(--global-kb-gap-md, 2rem);padding-top:0px;padding-right:0px;padding-bottom:0px;padding-left:0px;min-height:50vh;grid-template-columns:minmax(0, 1fr);}.kb-row-layout-id596_f9f951-a7{background-image:url('http:\/\/2026.spartacus.cruises\/wp-content\/uploads\/2024\/05\/2024-olaf-kreta.jpg');background-size:cover;background-position:50% 2%;background-attachment:fixed;background-repeat:no-repeat;}.kb-row-layout-id596_f9f951-a7 > .kt-row-layout-overlay{opacity:0.30;}@media all and (max-width: 1024px), only screen and (min-device-width: 1024px) and (max-device-width: 1366px) and (-webkit-min-device-pixel-ratio: 2) and (hover: none){.kb-row-layout-id596_f9f951-a7{background-attachment:scroll;}}@media all and (max-width: 1024px){.kb-row-layout-id596_f9f951-a7 > .kt-row-column-wrap{grid-template-columns:minmax(0, 1fr);}}@media all and (max-width: 767px){.kb-row-layout-id596_f9f951-a7 > .kt-row-column-wrap{grid-template-columns:minmax(0, 1fr);}}<\/style><div class=\"kb-row-layout-wrap kb-row-layout-id596_f9f951-a7 alignfull kt-row-has-bg wp-block-kadence-rowlayout\"><div class=\"kt-row-column-wrap kt-has-1-columns kt-row-layout-equal kt-tab-layout-inherit kt-mobile-layout-row kt-row-valign-middle\">\n<style>.kadence-column596_876321-01 > .kt-inside-inner-col{display:flex;}.kadence-column596_876321-01 > .kt-inside-inner-col,.kadence-column596_876321-01 > .kt-inside-inner-col:before{border-top-left-radius:0px;border-top-right-radius:0px;border-bottom-right-radius:0px;border-bottom-left-radius:0px;}.kadence-column596_876321-01 > .kt-inside-inner-col{column-gap:1px;}.kadence-column596_876321-01 > .kt-inside-inner-col{flex-direction:column;justify-content:center;}.kadence-column596_876321-01 > .kt-inside-inner-col > .aligncenter{width:100%;}.kt-row-column-wrap > .kadence-column596_876321-01{align-self:center;}.kt-inner-column-height-full:not(.kt-has-1-columns) > .wp-block-kadence-column.kadence-column596_876321-01{align-self:auto;}.kt-inner-column-height-full:not(.kt-has-1-columns) > .wp-block-kadence-column.kadence-column596_876321-01 > .kt-inside-inner-col{flex-direction:column;justify-content:center;}.kadence-column596_876321-01 > .kt-inside-inner-col:before{opacity:0.3;}.kadence-column596_876321-01{text-align:center;}.kadence-column596_876321-01{position:relative;}.kadence-column596_876321-01, .kt-inside-inner-col > .kadence-column596_876321-01:not(.specificity){margin-top:5rem;margin-bottom:2rem;}@media all and (max-width: 1024px){.kt-row-column-wrap > .kadence-column596_876321-01{align-self:center;}}@media all and (max-width: 1024px){.kt-inner-column-height-full:not(.kt-has-1-columns) > .wp-block-kadence-column.kadence-column596_876321-01{align-self:auto;}}@media all and (max-width: 1024px){.kt-inner-column-height-full:not(.kt-has-1-columns) > .wp-block-kadence-column.kadence-column596_876321-01 > .kt-inside-inner-col{flex-direction:column;justify-content:center;}}@media all and (max-width: 1024px){.kadence-column596_876321-01 > .kt-inside-inner-col{flex-direction:column;justify-content:center;}}@media all and (max-width: 767px){.kt-row-column-wrap > .kadence-column596_876321-01{align-self:center;}.kt-inner-column-height-full:not(.kt-has-1-columns) > .wp-block-kadence-column.kadence-column596_876321-01{align-self:auto;}.kt-inner-column-height-full:not(.kt-has-1-columns) > .wp-block-kadence-column.kadence-column596_876321-01 > .kt-inside-inner-col{flex-direction:column;justify-content:center;}.kadence-column596_876321-01 > .kt-inside-inner-col{flex-direction:column;justify-content:center;}}<\/style>\n<div class=\"wp-block-kadence-column kadence-column596_876321-01 kb-section-dir-vertical inner-column-1\"><div class=\"kt-inside-inner-col\">\n<div class=\"wp-block-group\"><div class=\"wp-block-group__inner-container is-layout-flow wp-block-group-is-layout-flow\">\n<h1 class=\"wp-block-heading is-style-h1-vg2\">Mentions l\u00e9gales<\/h1>\n<\/div><\/div>\n<\/div><\/div>\n\n<\/div><\/div>\n\n<style>.kb-row-layout-id596_e77b60-56 > .kt-row-column-wrap{align-content:start;}:where(.kb-row-layout-id596_e77b60-56 > .kt-row-column-wrap) > .wp-block-kadence-column{justify-content:start;}.kb-row-layout-id596_e77b60-56 > .kt-row-column-wrap{column-gap:var(--global-kb-gap-md, 2rem);row-gap:var(--global-kb-gap-md, 2rem);padding-top:5rem;padding-bottom:2rem;grid-template-columns:repeat(2, minmax(0, 1fr));}.kb-row-layout-id596_e77b60-56 > .kt-row-layout-overlay{opacity:0.30;}@media all and (max-width: 1024px){.kb-row-layout-id596_e77b60-56 > .kt-row-column-wrap{grid-template-columns:repeat(2, minmax(0, 1fr));}}@media all and (max-width: 767px){.kb-row-layout-id596_e77b60-56 > .kt-row-column-wrap{grid-template-columns:minmax(0, 1fr);}}<\/style><div class=\"kb-row-layout-wrap kb-row-layout-id596_e77b60-56 alignnone wp-block-kadence-rowlayout\"><div class=\"kt-row-column-wrap kt-has-2-columns kt-row-layout-equal kt-tab-layout-inherit kt-mobile-layout-row kt-row-valign-top\">\n<style>.kadence-column596_933b2c-8d > .kt-inside-inner-col,.kadence-column596_933b2c-8d > .kt-inside-inner-col:before{border-top-left-radius:0px;border-top-right-radius:0px;border-bottom-right-radius:0px;border-bottom-left-radius:0px;}.kadence-column596_933b2c-8d > .kt-inside-inner-col{column-gap:var(--global-kb-gap-sm, 1rem);}.kadence-column596_933b2c-8d > .kt-inside-inner-col{flex-direction:column;}.kadence-column596_933b2c-8d > .kt-inside-inner-col > .aligncenter{width:100%;}.kadence-column596_933b2c-8d > .kt-inside-inner-col:before{opacity:0.3;}.kadence-column596_933b2c-8d{position:relative;}@media all and (max-width: 1024px){.kadence-column596_933b2c-8d > .kt-inside-inner-col{flex-direction:column;justify-content:center;}}@media all and (max-width: 767px){.kadence-column596_933b2c-8d > .kt-inside-inner-col{flex-direction:column;justify-content:center;}}<\/style>\n<div class=\"wp-block-kadence-column kadence-column596_933b2c-8d inner-column-1\"><div class=\"kt-inside-inner-col\">\n<p><strong>Adresse:<\/strong><\/p>\n\n\n\n<p>mCruise GmbH<br>Degnerstr. 9b<br>13053 Berlin<\/p>\n\n\n\n<p><strong>Nous contacter :<\/strong><\/p>\n\n\n\n<p>T\u00e9l\u00e9phone: +49 (0)30 \/ 443198 -55<br>Fax: +49 (0)30 \/ 443198 -77<br>eMail:&nbsp;<a href=\"mailto:service@spartacus.cruises\">service@mcruise.de<\/a><\/p>\n<\/div><\/div>\n\n\n<style>.kadence-column596_fca87c-e3 > .kt-inside-inner-col,.kadence-column596_fca87c-e3 > .kt-inside-inner-col:before{border-top-left-radius:0px;border-top-right-radius:0px;border-bottom-right-radius:0px;border-bottom-left-radius:0px;}.kadence-column596_fca87c-e3 > .kt-inside-inner-col{column-gap:var(--global-kb-gap-sm, 1rem);}.kadence-column596_fca87c-e3 > .kt-inside-inner-col{flex-direction:column;}.kadence-column596_fca87c-e3 > .kt-inside-inner-col > .aligncenter{width:100%;}.kadence-column596_fca87c-e3 > .kt-inside-inner-col:before{opacity:0.3;}.kadence-column596_fca87c-e3{position:relative;}@media all and (max-width: 1024px){.kadence-column596_fca87c-e3 > .kt-inside-inner-col{flex-direction:column;justify-content:center;}}@media all and (max-width: 767px){.kadence-column596_fca87c-e3 > .kt-inside-inner-col{flex-direction:column;justify-content:center;}}<\/style>\n<div class=\"wp-block-kadence-column kadence-column596_fca87c-e3 inner-column-2\"><div class=\"kt-inside-inner-col\">\n<p><\/p>\n\n\n\n<p>Gesch\u00e4ftsf\u00fchrer: Hendrik Techel<br>Handelsregister: HRB 93406 B<br>Registergericht: Amtsgericht Charlottenburg<\/p>\n<\/div><\/div>\n\n<\/div><\/div>\n\n<style>.kb-row-layout-id596_f0e486-39 > .kt-row-column-wrap{align-content:start;}:where(.kb-row-layout-id596_f0e486-39 > .kt-row-column-wrap) > .wp-block-kadence-column{justify-content:start;}.kb-row-layout-id596_f0e486-39 > .kt-row-column-wrap{column-gap:var(--global-kb-gap-md, 2rem);row-gap:var(--global-kb-gap-md, 2rem);padding-top:0rem;padding-bottom:10rem;grid-template-columns:minmax(0, 1fr);}.kb-row-layout-id596_f0e486-39 > .kt-row-layout-overlay{opacity:0.30;}@media all and (max-width: 1024px){.kb-row-layout-id596_f0e486-39 > .kt-row-column-wrap{grid-template-columns:minmax(0, 1fr);}}@media all and (max-width: 767px){.kb-row-layout-id596_f0e486-39 > .kt-row-column-wrap{grid-template-columns:minmax(0, 1fr);}}<\/style><div class=\"kb-row-layout-wrap kb-row-layout-id596_f0e486-39 alignnone wp-block-kadence-rowlayout\"><div class=\"kt-row-column-wrap kt-has-1-columns kt-row-layout-equal kt-tab-layout-inherit kt-mobile-layout-row kt-row-valign-top\">\n<style>.kadence-column596_8a7122-eb > .kt-inside-inner-col,.kadence-column596_8a7122-eb > .kt-inside-inner-col:before{border-top-left-radius:0px;border-top-right-radius:0px;border-bottom-right-radius:0px;border-bottom-left-radius:0px;}.kadence-column596_8a7122-eb > .kt-inside-inner-col{column-gap:var(--global-kb-gap-sm, 1rem);}.kadence-column596_8a7122-eb > .kt-inside-inner-col{flex-direction:column;}.kadence-column596_8a7122-eb > .kt-inside-inner-col > .aligncenter{width:100%;}.kadence-column596_8a7122-eb > .kt-inside-inner-col:before{opacity:0.3;}.kadence-column596_8a7122-eb{position:relative;}@media all and (max-width: 1024px){.kadence-column596_8a7122-eb > .kt-inside-inner-col{flex-direction:column;justify-content:center;}}@media all and (max-width: 767px){.kadence-column596_8a7122-eb > .kt-inside-inner-col{flex-direction:column;justify-content:center;}}<\/style>\n<div class=\"wp-block-kadence-column kadence-column596_8a7122-eb inner-column-1\"><div class=\"kt-inside-inner-col\">\n<p><strong>Photos:<\/strong><\/p>\n\n\n\n<p>David Waage \/ Hendrik Techel \/ Olaf Alp \/ iuno.co &#8230;. <\/p>\n<\/div><\/div>\n\n<\/div><\/div>","protected":false},"excerpt":{"rendered":"<p>Mentions l\u00e9gales Adresse: mCruise GmbHDegnerstr. 9b13053 Berlin Nous contacter : T\u00e9l\u00e9phone: +49 (0)30 \/ 443198 -55Fax: +49 (0)30 \/ 443198 [&hellip;]<\/p>\n","protected":false},"author":1,"featured_media":0,"parent":0,"menu_order":1500,"comment_status":"closed","ping_status":"closed","template":"","meta":{"_acf_changed":false,"inline_featured_image":false,"footnotes":""},"class_list":["post-596","page","type-page","status-publish","hentry"],"acf":[],"_links":{"self":[{"href":"https:\/\/2026.spartacus.cruises\/fr\/wp-json\/wp\/v2\/pages\/596","targetHints":{"allow":["GET"]}}],"collection":[{"href":"https:\/\/2026.spartacus.cruises\/fr\/wp-json\/wp\/v2\/pages"}],"about":[{"href":"https:\/\/2026.spartacus.cruises\/fr\/wp-json\/wp\/v2\/types\/page"}],"author":[{"embeddable":true,"href":"https:\/\/2026.spartacus.cruises\/fr\/wp-json\/wp\/v2\/users\/1"}],"replies":[{"embeddable":true,"href":"https:\/\/2026.spartacus.cruises\/fr\/wp-json\/wp\/v2\/comments?post=596"}],"version-history":[{"count":1,"href":"https:\/\/2026.spartacus.cruises\/fr\/wp-json\/wp\/v2\/pages\/596\/revisions"}],"predecessor-version":[{"id":4858,"href":"https:\/\/2026.spartacus.cruises\/fr\/wp-json\/wp\/v2\/pages\/596\/revisions\/4858"}],"wp:attachment":[{"href":"https:\/\/2026.spartacus.cruises\/fr\/wp-json\/wp\/v2\/media?parent=596"}],"curies":[{"name":"wp","href":"https:\/\/api.w.org\/{rel}","templated":true}]}}