{"id":1538,"date":"2024-06-14T11:59:49","date_gmt":"2024-06-14T09:59:49","guid":{"rendered":"https:\/\/2025.spartacus.cruises\/?page_id=1538"},"modified":"2025-04-11T09:39:35","modified_gmt":"2025-04-11T07:39:35","slug":"packs-de-boissons","status":"publish","type":"page","link":"https:\/\/2026.spartacus.cruises\/fr\/cruise-2026\/packs-de-boissons\/","title":{"rendered":"packs de boissons"},"content":{"rendered":"<style>.kb-row-layout-id1538_a8777b-a8 > .kt-row-column-wrap{align-content:center;}:where(.kb-row-layout-id1538_a8777b-a8 > .kt-row-column-wrap) > .wp-block-kadence-column{justify-content:center;}.kb-row-layout-id1538_a8777b-a8 > .kt-row-column-wrap{column-gap:var(--global-kb-gap-md, 2rem);row-gap:var(--global-kb-gap-md, 2rem);padding-top:var(--global-kb-spacing-sm, 1.5rem);padding-bottom:var(--global-kb-spacing-sm, 1.5rem);min-height:75vh;grid-template-columns:minmax(0, 1fr);}.kb-row-layout-id1538_a8777b-a8{background-image:url('http:\/\/2026.spartacus.cruises\/wp-content\/uploads\/2024\/05\/SpartacusCruise2023-DSCF8399-scaled.jpg');background-size:cover;background-position:21% 0%;background-attachment:fixed;background-repeat:no-repeat;}.kb-row-layout-id1538_a8777b-a8 > .kt-row-layout-overlay{opacity:0.30;}@media all and (max-width: 1024px), only screen and (min-device-width: 1024px) and (max-device-width: 1366px) and (-webkit-min-device-pixel-ratio: 2) and (hover: none){.kb-row-layout-id1538_a8777b-a8{background-attachment:scroll;}}@media all and (max-width: 1024px){.kb-row-layout-id1538_a8777b-a8 > .kt-row-column-wrap{min-height:75vh;grid-template-columns:minmax(0, 1fr);}}@media all and (max-width: 767px){.kb-row-layout-id1538_a8777b-a8 > .kt-row-column-wrap{min-height:50vh;grid-template-columns:minmax(0, 1fr);}}<\/style><div class=\"kb-row-layout-wrap kb-row-layout-id1538_a8777b-a8 alignfull kt-row-has-bg kt-jarallax wp-block-kadence-rowlayout\" data-img-position=\"21% 0%\" data-img-size=\"cover\"><div class=\"kt-row-column-wrap kt-has-1-columns kt-row-layout-equal kt-tab-layout-inherit kt-mobile-layout-row kt-row-valign-middle\">\n<style>.kadence-column1538_3184bb-79 > .kt-inside-inner-col{display:flex;}.kadence-column1538_3184bb-79 > .kt-inside-inner-col,.kadence-column1538_3184bb-79 > .kt-inside-inner-col:before{border-top-left-radius:0px;border-top-right-radius:0px;border-bottom-right-radius:0px;border-bottom-left-radius:0px;}.kadence-column1538_3184bb-79 > .kt-inside-inner-col{column-gap:1px;}.kadence-column1538_3184bb-79 > .kt-inside-inner-col{flex-direction:column;justify-content:center;}.kadence-column1538_3184bb-79 > .kt-inside-inner-col > .aligncenter{width:100%;}.kt-row-column-wrap > .kadence-column1538_3184bb-79{align-self:center;}.kt-inner-column-height-full:not(.kt-has-1-columns) > .wp-block-kadence-column.kadence-column1538_3184bb-79{align-self:auto;}.kt-inner-column-height-full:not(.kt-has-1-columns) > .wp-block-kadence-column.kadence-column1538_3184bb-79 > .kt-inside-inner-col{flex-direction:column;justify-content:center;}.kadence-column1538_3184bb-79 > .kt-inside-inner-col:before{opacity:0.3;}.kadence-column1538_3184bb-79{text-align:center;}.kadence-column1538_3184bb-79{position:relative;}.kadence-column1538_3184bb-79, .kt-inside-inner-col > .kadence-column1538_3184bb-79:not(.specificity){margin-top:5rem;margin-bottom:10rem;}@media all and (max-width: 1024px){.kt-row-column-wrap > .kadence-column1538_3184bb-79{align-self:center;}}@media all and (max-width: 1024px){.kt-inner-column-height-full:not(.kt-has-1-columns) > .wp-block-kadence-column.kadence-column1538_3184bb-79{align-self:auto;}}@media all and (max-width: 1024px){.kt-inner-column-height-full:not(.kt-has-1-columns) > .wp-block-kadence-column.kadence-column1538_3184bb-79 > .kt-inside-inner-col{flex-direction:column;justify-content:center;}}@media all and (max-width: 1024px){.kadence-column1538_3184bb-79 > .kt-inside-inner-col{flex-direction:column;justify-content:center;}}@media all and (max-width: 767px){.kt-row-column-wrap > .kadence-column1538_3184bb-79{align-self:center;}.kt-inner-column-height-full:not(.kt-has-1-columns) > .wp-block-kadence-column.kadence-column1538_3184bb-79{align-self:auto;}.kt-inner-column-height-full:not(.kt-has-1-columns) > .wp-block-kadence-column.kadence-column1538_3184bb-79 > .kt-inside-inner-col{flex-direction:column;justify-content:center;}.kadence-column1538_3184bb-79 > .kt-inside-inner-col{flex-direction:column;justify-content:center;}}<\/style>\n<div class=\"wp-block-kadence-column kadence-column1538_3184bb-79 kb-section-dir-vertical\"><div class=\"kt-inside-inner-col\"><style>.kb-row-layout-id1538_05eb3d-8e > .kt-row-column-wrap{align-content:start;}:where(.kb-row-layout-id1538_05eb3d-8e > .kt-row-column-wrap) > .wp-block-kadence-column{justify-content:start;}.kb-row-layout-id1538_05eb3d-8e > .kt-row-column-wrap{column-gap:var(--global-kb-gap-none, 0rem );row-gap:var(--global-kb-gap-none, 0rem );padding-top:var(--global-kb-spacing-sm, 1.5rem);padding-bottom:var(--global-kb-spacing-sm, 1.5rem);grid-template-columns:minmax(0, 1fr);}.kb-row-layout-id1538_05eb3d-8e > .kt-row-layout-overlay{opacity:0.30;}@media all and (max-width: 1024px){.kb-row-layout-id1538_05eb3d-8e > .kt-row-column-wrap{grid-template-columns:minmax(0, 1fr);}}@media all and (max-width: 767px){.kb-row-layout-id1538_05eb3d-8e > .kt-row-column-wrap{grid-template-columns:minmax(0, 1fr);}}<\/style><div class=\"kb-row-layout-wrap kb-row-layout-id1538_05eb3d-8e alignnone wp-block-kadence-rowlayout\"><div class=\"kt-row-column-wrap kt-has-1-columns kt-row-layout-equal kt-tab-layout-inherit kt-mobile-layout-row kt-row-valign-top\">\n<style>.kadence-column1538_306863-63 > .kt-inside-inner-col,.kadence-column1538_306863-63 > .kt-inside-inner-col:before{border-top-left-radius:0px;border-top-right-radius:0px;border-bottom-right-radius:0px;border-bottom-left-radius:0px;}.kadence-column1538_306863-63 > .kt-inside-inner-col{column-gap:10px;}.kadence-column1538_306863-63 > .kt-inside-inner-col{flex-direction:column;}.kadence-column1538_306863-63 > .kt-inside-inner-col > .aligncenter{width:100%;}.kadence-column1538_306863-63 > .kt-inside-inner-col:before{opacity:0.3;}.kadence-column1538_306863-63{text-align:center;}.kadence-column1538_306863-63{position:relative;}@media all and (max-width: 1024px){.kadence-column1538_306863-63 > .kt-inside-inner-col{flex-direction:column;justify-content:center;}}@media all and (max-width: 767px){.kadence-column1538_306863-63 > .kt-inside-inner-col{column-gap:0px;flex-direction:column;justify-content:center;}.kadence-column1538_306863-63{text-align:center;}}<\/style>\n<div class=\"wp-block-kadence-column kadence-column1538_306863-63 kb-section-dir-vertical kb-section-sm-dir-vertical\"><div class=\"kt-inside-inner-col\">\n<h6 class=\"wp-block-heading is-style-h2-vg1\">Nos<\/h6>\n\n\n<br class=\"cs-linebreak\" \/>\n\n\n\n<h6 class=\"wp-block-heading is-style-h1-vg2\">packs de boissons<\/h6>\n<\/div><\/div>\n\n<\/div><\/div><\/div><\/div>\n\n<\/div><\/div>\n\n<style>.kb-row-layout-wrap.wp-block-kadence-rowlayout.kb-row-layout-id1538_6c4238-41{margin-top:0px;margin-bottom:0px;}.kb-row-layout-id1538_6c4238-41 > .kt-row-column-wrap{align-content:center;}:where(.kb-row-layout-id1538_6c4238-41 > .kt-row-column-wrap) > .wp-block-kadence-column{justify-content:center;}.kb-row-layout-id1538_6c4238-41 > .kt-row-column-wrap{column-gap:var(--global-kb-gap-md, 2rem);row-gap:var(--global-kb-gap-md, 2rem);padding-top:0px;padding-right:0px;padding-bottom:0px;padding-left:0px;grid-template-columns:minmax(0, 1fr);}.kb-row-layout-id1538_6c4238-41 > .kt-row-layout-overlay{opacity:0.30;}@media all and (max-width: 1024px){.kb-row-layout-id1538_6c4238-41 > .kt-row-column-wrap{grid-template-columns:minmax(0, 1fr);}}@media all and (max-width: 767px){.kb-row-layout-id1538_6c4238-41 > .kt-row-column-wrap{grid-template-columns:minmax(0, 1fr);}}<\/style><div class=\"kb-row-layout-wrap kb-row-layout-id1538_6c4238-41 alignfull wp-block-kadence-rowlayout\"><div class=\"kt-row-column-wrap kt-has-1-columns kt-row-layout-equal kt-tab-layout-inherit kt-mobile-layout-row kt-row-valign-middle\">\n<style>.kadence-column1538_782015-e1 > .kt-inside-inner-col,.kadence-column1538_782015-e1 > .kt-inside-inner-col:before{border-top-left-radius:0px;border-top-right-radius:0px;border-bottom-right-radius:0px;border-bottom-left-radius:0px;}.kadence-column1538_782015-e1 > .kt-inside-inner-col{column-gap:var(--global-kb-gap-sm, 1rem);}.kadence-column1538_782015-e1 > .kt-inside-inner-col{flex-direction:column;}.kadence-column1538_782015-e1 > .kt-inside-inner-col > .aligncenter{width:100%;}.kadence-column1538_782015-e1 > .kt-inside-inner-col:before{opacity:0.3;}.kadence-column1538_782015-e1{position:relative;}@media all and (max-width: 1024px){.kadence-column1538_782015-e1 > .kt-inside-inner-col{flex-direction:column;justify-content:center;}}@media all and (max-width: 767px){.kadence-column1538_782015-e1 > .kt-inside-inner-col{flex-direction:column;justify-content:center;}}<\/style>\n<div class=\"wp-block-kadence-column kadence-column1538_782015-e1 inner-column-1\"><div class=\"kt-inside-inner-col\"><style>.kb-row-layout-wrap.wp-block-kadence-rowlayout.kb-row-layout-id1538_01f1ab-0c{margin-top:0rem;margin-bottom:0rem;}.kb-row-layout-id1538_01f1ab-0c > .kt-row-column-wrap{align-content:start;}:where(.kb-row-layout-id1538_01f1ab-0c > .kt-row-column-wrap) > .wp-block-kadence-column{justify-content:start;}.kb-row-layout-id1538_01f1ab-0c > .kt-row-column-wrap{column-gap:var(--global-kb-gap-md, 2rem);row-gap:var(--global-kb-gap-md, 2rem);padding-top:0rem;padding-bottom:0rem;grid-template-columns:minmax(0, 1fr);}.kb-row-layout-id1538_01f1ab-0c > .kt-row-layout-overlay{opacity:0.30;}@media all and (max-width: 1024px){.kb-row-layout-id1538_01f1ab-0c > .kt-row-column-wrap{grid-template-columns:minmax(0, 1fr);}}@media all and (max-width: 767px){.kb-row-layout-id1538_01f1ab-0c > .kt-row-column-wrap{grid-template-columns:minmax(0, 1fr);}.kb-row-layout-id1538_01f1ab-0c > .kt-row-column-wrap > .wp-block-kadence-column:nth-child(1 of *:not(style)){order:1;}.kb-row-layout-id1538_01f1ab-0c > .kt-row-column-wrap > .wp-block-kadence-column:nth-child(2 of *:not(style)){order:11;}.kb-row-layout-id1538_01f1ab-0c > .kt-row-column-wrap > .wp-block-kadence-column:nth-child(3 of *:not(style)){order:21;}.kb-row-layout-id1538_01f1ab-0c > .kt-row-column-wrap > .wp-block-kadence-column:nth-child(4 of *:not(style)){order:31;}}<\/style><div class=\"kb-row-layout-wrap kb-row-layout-id1538_01f1ab-0c alignnone container wp-block-kadence-rowlayout\"><div class=\"kt-row-column-wrap kt-has-1-columns kt-row-layout-equal kt-tab-layout-inherit kt-mobile-layout-row kt-row-valign-top\">\n<style>.kadence-column1538_e7c94d-2a > .kt-inside-inner-col{display:flex;}.kadence-column1538_e7c94d-2a > .kt-inside-inner-col{padding-top:2rem;}.kadence-column1538_e7c94d-2a > .kt-inside-inner-col,.kadence-column1538_e7c94d-2a > .kt-inside-inner-col:before{border-top-left-radius:0px;border-top-right-radius:0px;border-bottom-right-radius:0px;border-bottom-left-radius:0px;}.kadence-column1538_e7c94d-2a > .kt-inside-inner-col{column-gap:var(--global-kb-gap-sm, 1rem);}.kadence-column1538_e7c94d-2a > .kt-inside-inner-col{flex-direction:column;align-items:center;}.kadence-column1538_e7c94d-2a > .kt-inside-inner-col > .kb-image-is-ratio-size{align-self:stretch;}.kadence-column1538_e7c94d-2a > .kt-inside-inner-col > .wp-block-kadence-advancedgallery{align-self:stretch;}.kadence-column1538_e7c94d-2a > .kt-inside-inner-col > .aligncenter{width:100%;}.kadence-column1538_e7c94d-2a > .kt-inside-inner-col:before{opacity:0.3;}.kadence-column1538_e7c94d-2a{position:relative;}@media all and (max-width: 1024px){.kadence-column1538_e7c94d-2a > .kt-inside-inner-col{flex-direction:column;justify-content:center;align-items:center;}}@media all and (max-width: 767px){.kadence-column1538_e7c94d-2a{text-align:center;}.kadence-column1538_e7c94d-2a > .kt-inside-inner-col{flex-direction:column;justify-content:center;align-items:center;}}<\/style>\n<div class=\"wp-block-kadence-column kadence-column1538_e7c94d-2a inner-column-2\"><div class=\"kt-inside-inner-col\">\n<figure class=\"wp-block-image size-large is-resized\"><img decoding=\"async\" src=\"https:\/\/2026.spartacus.cruises\/wp-content\/uploads\/2024\/09\/nicko-cruises.svg\" alt=\"\" class=\"wp-image-2210\" style=\"width:200px\" title=\"\"><\/figure>\n\n\n\n<div style=\"height:1rem\" aria-hidden=\"true\" class=\"wp-block-spacer\"><\/div>\n\n\n\n<div class=\"wp-block-group\"><div class=\"wp-block-group__inner-container is-layout-flow wp-block-group-is-layout-flow\">\n<p class=\"has-text-align-center\"><strong>Le prix du voyage couvre la pension compl\u00e8te avec caf\u00e9, th\u00e9 et eau gratuits aux repas.<br>D&#8217;autres boissons peuvent \u00eatre command\u00e9es \u00e0 partir d&#8217;une vaste carte.<\/strong><\/p>\n\n\n\n<p class=\"has-text-align-center\"><strong>Deux variantes All Inclusive sont disponibles sur demande.<\/strong><br>En cas d&#8217;occupation double, les forfaits ne peuvent \u00eatre r\u00e9serv\u00e9s que pour les deux passagers de la cabine, de mani\u00e8re uniforme, \u00e0 n&#8217;importe quel bar le jour de l&#8217;embarquement. Ceux qui souhaitent \u00e9viter de faire la queue peuvent commander les packs d\u00e8s la r\u00e9servation de leur cabine.<\/p>\n\n\n\n<p class=\"has-text-align-center\">Sous r\u00e9serve de modifications.<\/p>\n<\/div><\/div>\n<\/div><\/div>\n\n<\/div><\/div>\n\n<style>.kb-row-layout-wrap.wp-block-kadence-rowlayout.kb-row-layout-id1538_87c3f8-fb{margin-top:0rem;margin-bottom:0rem;}.kb-row-layout-id1538_87c3f8-fb > .kt-row-column-wrap{align-content:start;}:where(.kb-row-layout-id1538_87c3f8-fb > .kt-row-column-wrap) > .wp-block-kadence-column{justify-content:start;}.kb-row-layout-id1538_87c3f8-fb > .kt-row-column-wrap{column-gap:var(--global-kb-gap-md, 2rem);row-gap:var(--global-kb-gap-md, 2rem);padding-top:0rem;padding-bottom:0rem;grid-template-columns:repeat(2, minmax(0, 1fr));}.kb-row-layout-id1538_87c3f8-fb > .kt-row-layout-overlay{opacity:0.30;}@media all and (max-width: 1024px){.kb-row-layout-id1538_87c3f8-fb > .kt-row-column-wrap{grid-template-columns:repeat(2, minmax(0, 1fr));}}@media all and (max-width: 767px){.kb-row-layout-id1538_87c3f8-fb > .kt-row-column-wrap{grid-template-columns:minmax(0, 1fr);}}<\/style><div class=\"kb-row-layout-wrap kb-row-layout-id1538_87c3f8-fb alignnone container wp-block-kadence-rowlayout\"><div class=\"kt-row-column-wrap kt-has-2-columns kt-row-layout-equal kt-tab-layout-inherit kt-mobile-layout-row kt-row-valign-top\">\n<style>.kadence-column1538_f575be-bf > .kt-inside-inner-col{padding-top:2rem;}.kadence-column1538_f575be-bf > .kt-inside-inner-col,.kadence-column1538_f575be-bf > .kt-inside-inner-col:before{border-top-left-radius:0px;border-top-right-radius:0px;border-bottom-right-radius:0px;border-bottom-left-radius:0px;}.kadence-column1538_f575be-bf > .kt-inside-inner-col{column-gap:var(--global-kb-gap-sm, 1rem);}.kadence-column1538_f575be-bf > .kt-inside-inner-col{flex-direction:column;}.kadence-column1538_f575be-bf > .kt-inside-inner-col > .aligncenter{width:100%;}.kadence-column1538_f575be-bf > .kt-inside-inner-col:before{opacity:0.3;}.kadence-column1538_f575be-bf{position:relative;}@media all and (max-width: 1024px){.kadence-column1538_f575be-bf > .kt-inside-inner-col{flex-direction:column;justify-content:center;}}@media all and (max-width: 767px){.kadence-column1538_f575be-bf > .kt-inside-inner-col{flex-direction:column;justify-content:center;}}<\/style>\n<div class=\"wp-block-kadence-column kadence-column1538_f575be-bf inner-column-1\"><div class=\"kt-inside-inner-col\">\n<h6 class=\"wp-block-heading is-style-h2-vg1\">Pack<\/h6>\n\n\n<br class=\"cs-linebreak\" \/>\n\n\n\n<h2 class=\"wp-block-heading is-style-h1-vg2\">Classic<\/h2>\n\n\n<br class=\"cs-linebreak\" \/>\n\n\n\n<h2 class=\"wp-block-heading is-style-h3-vg2\">35\u20ac par jour &amp; personne<\/h2>\n\n\n\n<div style=\"height:2rem\" aria-hidden=\"true\" class=\"wp-block-spacer\"><\/div>\n\n\n\n<ul class=\"wp-block-list\">\n<li>Vins maison ouverts au verre (blanc, rose et rouge)<\/li>\n\n\n\n<li>Vin mousseux maison ouvert au verre<\/li>\n\n\n\n<li>Porto, vin de Mad\u00e8re et sherry<\/li>\n\n\n\n<li>Bi\u00e8res en f\u00fbt et en bouteille, bi\u00e8re sans alcool (sauf Guinness et Somersby Cider)<\/li>\n\n\n\n<li>Tous les cocktails sans alcool<\/li>\n\n\n\n<li>Ap\u00e9ritif (Aperol Spritz\/Orange, Campari Soda\/Orange)<\/li>\n\n\n\n<li>Toutes les boissons non alcoolis\u00e9es ouvertes (jus de fruits et boissons non alcoolis\u00e9es)<\/li>\n\n\n\n<li>Eau min\u00e9rale et eau plate<\/li>\n\n\n\n<li>Caf\u00e9 filtre, capuccino, expresso, chocolat chaud et th\u00e9, disponibles au &#8220;Dome&#8221;, &#8220;Capuccino&#8217;s&#8221;, &#8220;Blue Room&#8221; et &#8220;Ocean Bar&#8221;.<\/li>\n<\/ul>\n<\/div><\/div>\n\n\n<style>.kadence-column1538_c8357e-ee > .kt-inside-inner-col{padding-top:2rem;}.kadence-column1538_c8357e-ee > .kt-inside-inner-col,.kadence-column1538_c8357e-ee > .kt-inside-inner-col:before{border-top-left-radius:0px;border-top-right-radius:0px;border-bottom-right-radius:0px;border-bottom-left-radius:0px;}.kadence-column1538_c8357e-ee > .kt-inside-inner-col{column-gap:var(--global-kb-gap-sm, 1rem);}.kadence-column1538_c8357e-ee > .kt-inside-inner-col{flex-direction:column;}.kadence-column1538_c8357e-ee > .kt-inside-inner-col > .aligncenter{width:100%;}.kadence-column1538_c8357e-ee > .kt-inside-inner-col:before{opacity:0.3;}.kadence-column1538_c8357e-ee{position:relative;}@media all and (max-width: 1024px){.kadence-column1538_c8357e-ee > .kt-inside-inner-col{flex-direction:column;justify-content:center;}}@media all and (max-width: 767px){.kadence-column1538_c8357e-ee{text-align:left;}.kadence-column1538_c8357e-ee > .kt-inside-inner-col{flex-direction:column;justify-content:center;}}<\/style>\n<div class=\"wp-block-kadence-column kadence-column1538_c8357e-ee inner-column-2\"><div class=\"kt-inside-inner-col\">\n<h6 class=\"wp-block-heading is-style-h2-vg1\">Pack<\/h6>\n\n\n<br class=\"cs-linebreak\" \/>\n\n\n\n<h2 class=\"wp-block-heading is-style-h1-vg2\">Premium<\/h2>\n\n\n<br class=\"cs-linebreak\" \/>\n\n\n\n<h2 class=\"wp-block-heading is-style-h3-vg2\">55\u20ac par jour &amp; personne<\/h2>\n\n\n\n<div style=\"height:2rem\" aria-hidden=\"true\" class=\"wp-block-spacer\"><\/div>\n\n\n\n<ul class=\"wp-block-list\">\n<li>Toutes les prestations du package boissons Classic et en plus:<\/li>\n\n\n\n<li>Cr\u00e9mant au verre<\/li>\n\n\n\n<li>bouteille de Guinness et bouteille de Somersby Cider)<\/li>\n\n\n\n<li>Tous les cocktails (avec alcool)<\/li>\n\n\n\n<li>Eau min\u00e9rale San Pellegrino<\/li>\n\n\n\n<li>Mixeurs premium (par ex. Fever Tree Tonic Water Elderflower et Tonic 1724)<\/li>\n\n\n\n<li>Divers scotch et whisky (par ex. Chivas Regal 12 Years, Jack DanieI&#8217;s Old No. 7)<\/li>\n\n\n\n<li>Divers gin (p. ex. Bombay Star, Tanqueray 10 et Hendrick&#8217;s)<\/li>\n\n\n\n<li>Diverses vodkas (p. ex. Stolichnaya, Absolut Citron, Belvedere, Ketel One, Grey Goose)<\/li>\n\n\n\n<li>Diverses sortes de rhum (p. ex. Havana Club Anejo, Mount Gay, Pyrat XO)<\/li>\n\n\n\n<li>R\u00e9serve et Sagatiba Pura Cachaca)<\/li>\n\n\n\n<li>Diverses tequilas (p. ex. Jose Cuervo Silver et Gold, Patron Silver et Anejo et Don Julio Anejo)<\/li>\n\n\n\n<li>Diverses eaux-de-vie et cognacs (p. ex. Armagnac Cles des Ducs, Calvados. Grappa Alexander Cru et Hennessy VSOP).<\/li>\n\n\n\n<li>Diverses eaux-de-vie de fruits (eau-de-vie de framboise, kirsch, mirabell, eau-de-vie de fruits et poire Williams)<\/li>\n\n\n\n<li>Diverses liqueurs (p. ex. Amaretto, Bailey&#8217;s, Frangelico, Galliano, Kahlua et Limoncello)<\/li>\n\n\n\n<li>Divers amers (Fernet Branca, J\u00e4germeister)<\/li>\n\n\n\n<li>Divers vermouths (p. ex. ap\u00e9ritif Dubonnet et Martini Bianco\/Rosso)<\/li>\n\n\n\n<li>Aquavit (Bommerlunder, Loiten&#8217;s Linie)<\/li>\n<\/ul>\n<\/div><\/div>\n\n<\/div><\/div><\/div><\/div>\n\n<\/div><\/div>\n\n\n<div style=\"height:10rem\" aria-hidden=\"true\" class=\"wp-block-spacer\"><\/div>\n","protected":false},"excerpt":{"rendered":"<p>Nos packs de boissons Le prix du voyage couvre la pension compl\u00e8te avec caf\u00e9, th\u00e9 et eau gratuits aux repas.D&#8217;autres [&hellip;]<\/p>\n","protected":false},"author":1,"featured_media":0,"parent":588,"menu_order":20,"comment_status":"closed","ping_status":"closed","template":"","meta":{"_acf_changed":false,"inline_featured_image":false,"footnotes":""},"class_list":["post-1538","page","type-page","status-publish","hentry"],"acf":[],"_links":{"self":[{"href":"https:\/\/2026.spartacus.cruises\/fr\/wp-json\/wp\/v2\/pages\/1538","targetHints":{"allow":["GET"]}}],"collection":[{"href":"https:\/\/2026.spartacus.cruises\/fr\/wp-json\/wp\/v2\/pages"}],"about":[{"href":"https:\/\/2026.spartacus.cruises\/fr\/wp-json\/wp\/v2\/types\/page"}],"author":[{"embeddable":true,"href":"https:\/\/2026.spartacus.cruises\/fr\/wp-json\/wp\/v2\/users\/1"}],"replies":[{"embeddable":true,"href":"https:\/\/2026.spartacus.cruises\/fr\/wp-json\/wp\/v2\/comments?post=1538"}],"version-history":[{"count":1,"href":"https:\/\/2026.spartacus.cruises\/fr\/wp-json\/wp\/v2\/pages\/1538\/revisions"}],"predecessor-version":[{"id":3621,"href":"https:\/\/2026.spartacus.cruises\/fr\/wp-json\/wp\/v2\/pages\/1538\/revisions\/3621"}],"up":[{"embeddable":true,"href":"https:\/\/2026.spartacus.cruises\/fr\/wp-json\/wp\/v2\/pages\/588"}],"wp:attachment":[{"href":"https:\/\/2026.spartacus.cruises\/fr\/wp-json\/wp\/v2\/media?parent=1538"}],"curies":[{"name":"wp","href":"https:\/\/api.w.org\/{rel}","templated":true}]}}