{"id":4469,"date":"2024-10-19T06:54:36","date_gmt":"2024-10-19T04:54:36","guid":{"rendered":"https:\/\/2026.spartacus.cruises\/?page_id=4469"},"modified":"2026-04-24T13:22:47","modified_gmt":"2026-04-24T11:22:47","slug":"newsletter","status":"publish","type":"page","link":"https:\/\/2026.spartacus.cruises\/es\/newsletter\/","title":{"rendered":"Newsletter"},"content":{"rendered":"<style>.kb-row-layout-wrap.wp-block-kadence-rowlayout.kb-row-layout-id4469_803fe2-9c{margin-top:0px;margin-bottom:0px;}.kb-row-layout-id4469_803fe2-9c > .kt-row-column-wrap{align-content:center;}:where(.kb-row-layout-id4469_803fe2-9c > .kt-row-column-wrap) > .wp-block-kadence-column{justify-content:center;}.kb-row-layout-id4469_803fe2-9c > .kt-row-column-wrap{column-gap:var(--global-kb-gap-md, 2rem);row-gap:var(--global-kb-gap-md, 2rem);padding-top:0px;padding-right:0px;padding-bottom:0px;padding-left:0px;min-height:50vh;grid-template-columns:minmax(0, 1fr);}.kb-row-layout-id4469_803fe2-9c{background-image:url('http:\/\/2026.spartacus.cruises\/wp-content\/uploads\/2024\/05\/2024-olaf-kreta.jpg');background-size:cover;background-position:50% 2%;background-attachment:fixed;background-repeat:no-repeat;}.kb-row-layout-id4469_803fe2-9c > .kt-row-layout-overlay{opacity:0.30;}@media all and (max-width: 1024px), only screen and (min-device-width: 1024px) and (max-device-width: 1366px) and (-webkit-min-device-pixel-ratio: 2) and (hover: none){.kb-row-layout-id4469_803fe2-9c{background-attachment:scroll;}}@media all and (max-width: 1024px){.kb-row-layout-id4469_803fe2-9c > .kt-row-column-wrap{grid-template-columns:minmax(0, 1fr);}}@media all and (max-width: 767px){.kb-row-layout-id4469_803fe2-9c > .kt-row-column-wrap{grid-template-columns:minmax(0, 1fr);}}<\/style><div class=\"kb-row-layout-wrap kb-row-layout-id4469_803fe2-9c alignfull kt-row-has-bg wp-block-kadence-rowlayout\"><div class=\"kt-row-column-wrap kt-has-1-columns kt-row-layout-equal kt-tab-layout-inherit kt-mobile-layout-row kt-row-valign-middle\">\n<style>.kadence-column4469_a9e6c6-2d > .kt-inside-inner-col{display:flex;}.kadence-column4469_a9e6c6-2d > .kt-inside-inner-col,.kadence-column4469_a9e6c6-2d > .kt-inside-inner-col:before{border-top-left-radius:0px;border-top-right-radius:0px;border-bottom-right-radius:0px;border-bottom-left-radius:0px;}.kadence-column4469_a9e6c6-2d > .kt-inside-inner-col{column-gap:1px;}.kadence-column4469_a9e6c6-2d > .kt-inside-inner-col{flex-direction:column;justify-content:center;}.kadence-column4469_a9e6c6-2d > .kt-inside-inner-col > .aligncenter{width:100%;}.kt-row-column-wrap > .kadence-column4469_a9e6c6-2d{align-self:center;}.kt-inner-column-height-full:not(.kt-has-1-columns) > .wp-block-kadence-column.kadence-column4469_a9e6c6-2d{align-self:auto;}.kt-inner-column-height-full:not(.kt-has-1-columns) > .wp-block-kadence-column.kadence-column4469_a9e6c6-2d > .kt-inside-inner-col{flex-direction:column;justify-content:center;}.kadence-column4469_a9e6c6-2d > .kt-inside-inner-col:before{opacity:0.3;}.kadence-column4469_a9e6c6-2d{text-align:center;}.kadence-column4469_a9e6c6-2d{position:relative;}.kadence-column4469_a9e6c6-2d, .kt-inside-inner-col > .kadence-column4469_a9e6c6-2d:not(.specificity){margin-top:5rem;margin-bottom:2rem;}@media all and (max-width: 1024px){.kt-row-column-wrap > .kadence-column4469_a9e6c6-2d{align-self:center;}}@media all and (max-width: 1024px){.kt-inner-column-height-full:not(.kt-has-1-columns) > .wp-block-kadence-column.kadence-column4469_a9e6c6-2d{align-self:auto;}}@media all and (max-width: 1024px){.kt-inner-column-height-full:not(.kt-has-1-columns) > .wp-block-kadence-column.kadence-column4469_a9e6c6-2d > .kt-inside-inner-col{flex-direction:column;justify-content:center;}}@media all and (max-width: 1024px){.kadence-column4469_a9e6c6-2d > .kt-inside-inner-col{flex-direction:column;justify-content:center;}}@media all and (max-width: 767px){.kt-row-column-wrap > .kadence-column4469_a9e6c6-2d{align-self:center;}.kt-inner-column-height-full:not(.kt-has-1-columns) > .wp-block-kadence-column.kadence-column4469_a9e6c6-2d{align-self:auto;}.kt-inner-column-height-full:not(.kt-has-1-columns) > .wp-block-kadence-column.kadence-column4469_a9e6c6-2d > .kt-inside-inner-col{flex-direction:column;justify-content:center;}.kadence-column4469_a9e6c6-2d > .kt-inside-inner-col{flex-direction:column;justify-content:center;}}<\/style>\n<div class=\"wp-block-kadence-column kadence-column4469_a9e6c6-2d kb-section-dir-vertical\"><div class=\"kt-inside-inner-col\">\n<div class=\"wp-block-group\"><div class=\"wp-block-group__inner-container is-layout-flow wp-block-group-is-layout-flow\">\n<h1 class=\"wp-block-heading is-style-h1-vg2\">NEWSLETTER<\/h1>\n<\/div><\/div>\n<\/div><\/div>\n\n<\/div><\/div>\n\n\n<div style=\"height:5em\" aria-hidden=\"true\" class=\"wp-block-spacer\"><\/div>\n\n\n<style>.kb-row-layout-id4469_290e60-32 > .kt-row-column-wrap{align-content:start;}:where(.kb-row-layout-id4469_290e60-32 > .kt-row-column-wrap) > .wp-block-kadence-column{justify-content:start;}.kb-row-layout-id4469_290e60-32 > .kt-row-column-wrap{column-gap:var(--global-kb-gap-md, 2rem);row-gap:var(--global-kb-gap-md, 2rem);max-width:800px;margin-left:auto;margin-right:auto;grid-template-columns:minmax(0, 1fr);}.kb-row-layout-id4469_290e60-32 > .kt-row-layout-overlay{opacity:0.30;}@media all and (max-width: 1024px){.kb-row-layout-id4469_290e60-32 > .kt-row-column-wrap{grid-template-columns:minmax(0, 1fr);}}@media all and (max-width: 767px){.kb-row-layout-id4469_290e60-32 > .kt-row-column-wrap{grid-template-columns:minmax(0, 1fr);}}<\/style><div class=\"kb-row-layout-wrap kb-row-layout-id4469_290e60-32 alignnone wp-block-kadence-rowlayout\"><div class=\"kt-row-column-wrap kt-has-1-columns kt-row-layout-equal kt-tab-layout-inherit kt-mobile-layout-row kt-row-valign-top\">\n<style>.kadence-column4469_e2492d-cf > .kt-inside-inner-col,.kadence-column4469_e2492d-cf > .kt-inside-inner-col:before{border-top-left-radius:0px;border-top-right-radius:0px;border-bottom-right-radius:0px;border-bottom-left-radius:0px;}.kadence-column4469_e2492d-cf > .kt-inside-inner-col{column-gap:var(--global-kb-gap-sm, 1rem);}.kadence-column4469_e2492d-cf > .kt-inside-inner-col{flex-direction:column;}.kadence-column4469_e2492d-cf > .kt-inside-inner-col > .aligncenter{width:100%;}.kadence-column4469_e2492d-cf > .kt-inside-inner-col:before{opacity:0.3;}.kadence-column4469_e2492d-cf{position:relative;}@media all and (max-width: 1024px){.kadence-column4469_e2492d-cf > .kt-inside-inner-col{flex-direction:column;justify-content:center;}}@media all and (max-width: 767px){.kadence-column4469_e2492d-cf > .kt-inside-inner-col{flex-direction:column;justify-content:center;}}<\/style>\n<div class=\"wp-block-kadence-column kadence-column4469_e2492d-cf\"><div class=\"kt-inside-inner-col\">\n<div class=\"wp-block-group container\"><div class=\"wp-block-group__inner-container is-layout-constrained wp-block-group-is-layout-constrained\"><div class=\"mailster-block-form-type-content wp-block-mailster-form-outside-wrapper wp-block-mailster-form-outside-wrapper-2e8d2b38 wp-block-mailster-form-outside-wrapper-1757 wp-block-mailster-form\"><style class=\"mailster-form-style-2e8d2b38\">.mailster-block-form input[type=\"text\"]{}.mailster-block-form input[type=\"email\"]{}.mailster-block-form input[type=\"date\"]{}.mailster-block-form input[type=\"checkbox\"]{padding:0px;border:0px none rgb(0, 0, 0);font:11px \/ 16.5px Montserrat, sans-serif;border-radius:0px;background:rgba(0, 0, 0, 0) none repeat scroll 0% 0% \/ auto padding-box border-box;box-shadow:none;line-height:16.5px;appearance:auto;outline:rgb(0, 0, 0) none 0px;text-transform:none;letter-spacing:normal;width:12px;height:12px;}.mailster-block-form input[type=\"radio\"]{padding:0px;border:0px none rgb(0, 0, 0);font:11px system-ui;border-radius:0px;background:rgba(0, 0, 0, 0) none repeat scroll 0% 0% \/ auto padding-box border-box;box-shadow:none;line-height:normal;appearance:auto;outline:rgb(0, 0, 0) none 0px;text-transform:none;letter-spacing:normal;width:12px;height:12px;}.mailster-block-form input[type=\"submit\"]{}.mailster-block-form select{padding:0px;border:0px none rgb(51, 51, 51);font:12px -apple-system, BlinkMacSystemFont, \"Segoe UI\", Roboto, Oxygen-Sans, Ubuntu, Cantarell, \"Helvetica Neue\", sans-serif;border-radius:5px;background:rgb(255, 255, 255) none repeat scroll 0% 0% \/ auto padding-box border-box;box-shadow:none;line-height:normal;appearance:menulist;outline:rgb(170, 170, 170) solid 1px;text-transform:none;letter-spacing:-0.1px;height:auto;}.mailster-block-form label{padding:0px;border:0px none rgb(33, 37, 41);font:11px \/ 16.5px Montserrat, sans-serif;border-radius:0px;background:rgba(0, 0, 0, 0) none repeat scroll 0% 0% \/ auto padding-box border-box;box-shadow:none;line-height:16.5px;appearance:none;outline:rgb(33, 37, 41) none 0px;text-transform:none;letter-spacing:normal;}.mailster-block-form textarea{}<\/style>\n<form method=\"post\" novalidate class=\"wp-block-mailster-form-wrapper mailster-block-form\"><div class=\"mailster-block-form-inner\">\n<div class=\"wp-block-mailster-field-firstname mailster-wrapper mailster-wrapper-required mailster-wrapper-type-text mailster-wrapper-asterisk\"><label for=\"mailster-id-9388bd\" class=\"mailster-label\">Nombre<\/label><input name=\"firstname\" id=\"mailster-id-9388bd\" type=\"text\" aria-required=\"true\" aria-label=\"Nombre\" spellcheck=\"false\" required value=\"\" class=\"input\" autocomplete=\"given-name\" placeholder=\" \"\/><\/div>\n\n\n\n<div class=\"wp-block-mailster-field-lastname mailster-wrapper mailster-wrapper-required mailster-wrapper-type-text mailster-wrapper-asterisk\"><label for=\"mailster-id-f0bae0\" class=\"mailster-label\">Apellido<\/label><input name=\"lastname\" id=\"mailster-id-f0bae0\" type=\"text\" aria-required=\"true\" aria-label=\"Apellido\" spellcheck=\"false\" required value=\"\" class=\"input\" autocomplete=\"family-name\" placeholder=\" \"\/><\/div>\n\n\n\n<div class=\"wp-block-mailster-field-sprache mailster-wrapper mailster-wrapper-type-radio\"><label class=\"mailster-label\">\u00bfEn qu\u00e9 idioma desea recibir el bolet\u00edn?<\/label><fieldset><legend>\u00bfEn qu\u00e9 idioma desea recibir el bolet\u00edn?<\/legend><div class=\"mailster-group mailster-group-radio\"><input name=\"sprache\" id=\"mailster-id-4f7bd9\" aria-required=\"false\" aria-label=\"\u00bfEn qu\u00e9 idioma desea recibir el bolet\u00edn?\" type=\"radio\" value=\"Alem\u00e1n\"\/><label class=\"mailster-label\" for=\"mailster-id-4f7bd9\">Alem\u00e1n<\/label><\/div><div class=\"mailster-group mailster-group-radio\"><input name=\"sprache\" id=\"mailster-id-4f7bd9-1\" aria-required=\"false\" aria-label=\"\u00bfEn qu\u00e9 idioma desea recibir el bolet\u00edn?\" type=\"radio\" value=\"ingl\u00e9s\"\/><label class=\"mailster-label\" for=\"mailster-id-4f7bd9-1\">ingl\u00e9s<\/label><\/div><\/fieldset><\/div>\n\n\n\n<div class=\"wp-block-mailster-field-email mailster-wrapper mailster-wrapper-required mailster-wrapper-type-email mailster-wrapper-asterisk\"><label for=\"mailster-id-b16b5d\" class=\"mailster-label\">E-Mail<\/label><input name=\"email\" id=\"mailster-id-b16b5d\" type=\"email\" aria-required=\"true\" aria-label=\"E-Mail\" spellcheck=\"false\" required value=\"\" class=\"input\" autocomplete=\"email\" placeholder=\" \"\/><\/div>\n\n\n\n<div class=\"wp-block-mailster-gdpr mailster-wrapper\"><div class=\"mailster-group mailster-group-checkbox\"><input id=\"mailster-id-f6ea85\" type=\"checkbox\" name=\"_gdpr\" value=\"1\"\/><label for=\"mailster-id-f6ea85\" class=\"mailster-label\">S\u00ed, deseo recibir el bolet\u00edn informativo de spartacus.cruises con informaci\u00f3n sobre cruceros y eventos y he le\u00eddo la pol\u00edtica de privacidad y la informaci\u00f3n sobre cancelaci\u00f3n que contiene.<\/label><\/div><\/div>\n\n\n\n<p><a href=\"http:\/\/2026.spartacus.cruises\/es\/politica-de-privacidad\/\" data-type=\"page\" data-id=\"3\"><\/a><a href=\"http:\/\/2026.spartacus.cruises\/es\/politica-de-privacidad\/\">Pol\u00edtica de privacidad<\/a> | <a href=\"http:\/\/2026.spartacus.cruises\/es\/pie-de-imprenta\/\" data-type=\"link\" data-id=\"http:\/\/2026.spartacus.cruises\/es\/pie-de-imprenta\/\"><\/a><a href=\"http:\/\/2026.spartacus.cruises\/es\/pie-de-imprenta\/\">Pie de imprenta<\/a><\/p>\n\n\n\n<div style=\"height:2rem\" aria-hidden=\"true\" class=\"wp-block-spacer\"><\/div>\n\n\n\n<div class=\"wp-block-mailster-field-submit mailster-wrapper mailster-wrapper-type-submit wp-block-button\"><input name=\"submit\" id=\"mailster-id-a91e14\" type=\"submit\" value=\"Conectarse\" class=\"wp-block-button__link submit-button\"\/><\/div>\n\n\n\n<div style=\"height:2rem\" aria-hidden=\"true\" class=\"wp-block-spacer\"><\/div>\n\n\n\n<div class=\"wp-block-mailster-messages mailster-block-form-info mailster-wrapper\" aria-hidden=\"true\"><div class=\"mailster-block-form-info-success\" style=\"width:100%;color:#ffffff;background:#6fbf4d\"><div>Please confirm your subscription!<\/div><div class=\"mailster-block-form-info-extra\"><\/div><\/div><div class=\"mailster-block-form-info-error\" style=\"width:100%;color:#ffffff;background:#bf4d4d\"><div>Some fields are missing or incorrect!<\/div><div class=\"mailster-block-form-info-extra\"><\/div><\/div><\/div>\n<\/div><script class=\"mailster-block-form-data\" type=\"application\/json\">{\"id\":1757,\"identifier\":\"2e8d2b38\",\"cooldown\":0,\"isPreview\":false,\"type\":\"submission\",\"prefill\":true}<\/script><input name=\"_timestamp\" type=\"hidden\" value=\"1777044927\" \/>\n<button class=\"mailster-block-form-close\" aria-label=\"close\" tabindex=\"0\"><svg viewbox=\"0 0 100 100\"><path d=\"M100 10.71 89.29 0 50 39.29 10.71 0 0 10.71 39.29 50 0 89.29 10.71 100 50 60.71 89.29 100 100 89.29 60.71 50z\"\/><\/svg><\/button><\/form>\n<\/div><\/div><\/div>\n<\/div><\/div>\n\n<\/div><\/div>\n\n\n<div style=\"height:10rem\" aria-hidden=\"true\" class=\"wp-block-spacer\"><\/div>\n","protected":false},"excerpt":{"rendered":"<p>NEWSLETTER<\/p>\n","protected":false},"author":1,"featured_media":0,"parent":0,"menu_order":1700,"comment_status":"closed","ping_status":"closed","template":"","meta":{"_acf_changed":false,"inline_featured_image":false,"footnotes":""},"class_list":["post-4469","page","type-page","status-publish","hentry"],"acf":[],"_links":{"self":[{"href":"https:\/\/2026.spartacus.cruises\/es\/wp-json\/wp\/v2\/pages\/4469","targetHints":{"allow":["GET"]}}],"collection":[{"href":"https:\/\/2026.spartacus.cruises\/es\/wp-json\/wp\/v2\/pages"}],"about":[{"href":"https:\/\/2026.spartacus.cruises\/es\/wp-json\/wp\/v2\/types\/page"}],"author":[{"embeddable":true,"href":"https:\/\/2026.spartacus.cruises\/es\/wp-json\/wp\/v2\/users\/1"}],"replies":[{"embeddable":true,"href":"https:\/\/2026.spartacus.cruises\/es\/wp-json\/wp\/v2\/comments?post=4469"}],"version-history":[{"count":4,"href":"https:\/\/2026.spartacus.cruises\/es\/wp-json\/wp\/v2\/pages\/4469\/revisions"}],"predecessor-version":[{"id":5187,"href":"https:\/\/2026.spartacus.cruises\/es\/wp-json\/wp\/v2\/pages\/4469\/revisions\/5187"}],"wp:attachment":[{"href":"https:\/\/2026.spartacus.cruises\/es\/wp-json\/wp\/v2\/media?parent=4469"}],"curies":[{"name":"wp","href":"https:\/\/api.w.org\/{rel}","templated":true}]}}