{"id":1645,"date":"2024-06-14T11:59:49","date_gmt":"2024-06-14T09:59:49","guid":{"rendered":"https:\/\/2025.spartacus.cruises\/?page_id=1645"},"modified":"2025-04-11T09:40:14","modified_gmt":"2025-04-11T07:40:14","slug":"paquetes-de-bebidas","status":"publish","type":"page","link":"https:\/\/2026.spartacus.cruises\/es\/cruise-2026\/paquetes-de-bebidas\/","title":{"rendered":"Paquetes de bebidas"},"content":{"rendered":"<style>.kb-row-layout-id1645_cb28a5-49 > .kt-row-column-wrap{align-content:center;}:where(.kb-row-layout-id1645_cb28a5-49 > .kt-row-column-wrap) > .wp-block-kadence-column{justify-content:center;}.kb-row-layout-id1645_cb28a5-49 > .kt-row-column-wrap{column-gap:var(--global-kb-gap-md, 2rem);row-gap:var(--global-kb-gap-md, 2rem);padding-top:var(--global-kb-spacing-sm, 1.5rem);padding-bottom:var(--global-kb-spacing-sm, 1.5rem);min-height:75vh;grid-template-columns:minmax(0, 1fr);}.kb-row-layout-id1645_cb28a5-49{background-image:url('http:\/\/2026.spartacus.cruises\/wp-content\/uploads\/2024\/05\/SpartacusCruise2023-DSCF8399-scaled.jpg');background-size:cover;background-position:21% 0%;background-attachment:fixed;background-repeat:no-repeat;}.kb-row-layout-id1645_cb28a5-49 > .kt-row-layout-overlay{opacity:0.30;}@media all and (max-width: 1024px), only screen and (min-device-width: 1024px) and (max-device-width: 1366px) and (-webkit-min-device-pixel-ratio: 2) and (hover: none){.kb-row-layout-id1645_cb28a5-49{background-attachment:scroll;}}@media all and (max-width: 1024px){.kb-row-layout-id1645_cb28a5-49 > .kt-row-column-wrap{min-height:75vh;grid-template-columns:minmax(0, 1fr);}}@media all and (max-width: 767px){.kb-row-layout-id1645_cb28a5-49 > .kt-row-column-wrap{min-height:50vh;grid-template-columns:minmax(0, 1fr);}}<\/style><div class=\"kb-row-layout-wrap kb-row-layout-id1645_cb28a5-49 alignfull kt-row-has-bg kt-jarallax wp-block-kadence-rowlayout\" data-img-position=\"21% 0%\" data-img-size=\"cover\"><div class=\"kt-row-column-wrap kt-has-1-columns kt-row-layout-equal kt-tab-layout-inherit kt-mobile-layout-row kt-row-valign-middle\">\n<style>.kadence-column1645_ef37ab-c3 > .kt-inside-inner-col{display:flex;}.kadence-column1645_ef37ab-c3 > .kt-inside-inner-col,.kadence-column1645_ef37ab-c3 > .kt-inside-inner-col:before{border-top-left-radius:0px;border-top-right-radius:0px;border-bottom-right-radius:0px;border-bottom-left-radius:0px;}.kadence-column1645_ef37ab-c3 > .kt-inside-inner-col{column-gap:1px;}.kadence-column1645_ef37ab-c3 > .kt-inside-inner-col{flex-direction:column;justify-content:center;}.kadence-column1645_ef37ab-c3 > .kt-inside-inner-col > .aligncenter{width:100%;}.kt-row-column-wrap > .kadence-column1645_ef37ab-c3{align-self:center;}.kt-inner-column-height-full:not(.kt-has-1-columns) > .wp-block-kadence-column.kadence-column1645_ef37ab-c3{align-self:auto;}.kt-inner-column-height-full:not(.kt-has-1-columns) > .wp-block-kadence-column.kadence-column1645_ef37ab-c3 > .kt-inside-inner-col{flex-direction:column;justify-content:center;}.kadence-column1645_ef37ab-c3 > .kt-inside-inner-col:before{opacity:0.3;}.kadence-column1645_ef37ab-c3{text-align:center;}.kadence-column1645_ef37ab-c3{position:relative;}.kadence-column1645_ef37ab-c3, .kt-inside-inner-col > .kadence-column1645_ef37ab-c3:not(.specificity){margin-top:5rem;margin-bottom:10rem;}@media all and (max-width: 1024px){.kt-row-column-wrap > .kadence-column1645_ef37ab-c3{align-self:center;}}@media all and (max-width: 1024px){.kt-inner-column-height-full:not(.kt-has-1-columns) > .wp-block-kadence-column.kadence-column1645_ef37ab-c3{align-self:auto;}}@media all and (max-width: 1024px){.kt-inner-column-height-full:not(.kt-has-1-columns) > .wp-block-kadence-column.kadence-column1645_ef37ab-c3 > .kt-inside-inner-col{flex-direction:column;justify-content:center;}}@media all and (max-width: 1024px){.kadence-column1645_ef37ab-c3 > .kt-inside-inner-col{flex-direction:column;justify-content:center;}}@media all and (max-width: 767px){.kt-row-column-wrap > .kadence-column1645_ef37ab-c3{align-self:center;}.kt-inner-column-height-full:not(.kt-has-1-columns) > .wp-block-kadence-column.kadence-column1645_ef37ab-c3{align-self:auto;}.kt-inner-column-height-full:not(.kt-has-1-columns) > .wp-block-kadence-column.kadence-column1645_ef37ab-c3 > .kt-inside-inner-col{flex-direction:column;justify-content:center;}.kadence-column1645_ef37ab-c3 > .kt-inside-inner-col{flex-direction:column;justify-content:center;}}<\/style>\n<div class=\"wp-block-kadence-column kadence-column1645_ef37ab-c3 kb-section-dir-vertical\"><div class=\"kt-inside-inner-col\"><style>.kb-row-layout-id1645_fb35b5-1a > .kt-row-column-wrap{align-content:start;}:where(.kb-row-layout-id1645_fb35b5-1a > .kt-row-column-wrap) > .wp-block-kadence-column{justify-content:start;}.kb-row-layout-id1645_fb35b5-1a > .kt-row-column-wrap{column-gap:var(--global-kb-gap-none, 0rem );row-gap:var(--global-kb-gap-none, 0rem );padding-top:var(--global-kb-spacing-sm, 1.5rem);padding-bottom:var(--global-kb-spacing-sm, 1.5rem);grid-template-columns:minmax(0, 1fr);}.kb-row-layout-id1645_fb35b5-1a > .kt-row-layout-overlay{opacity:0.30;}@media all and (max-width: 1024px){.kb-row-layout-id1645_fb35b5-1a > .kt-row-column-wrap{grid-template-columns:minmax(0, 1fr);}}@media all and (max-width: 767px){.kb-row-layout-id1645_fb35b5-1a > .kt-row-column-wrap{grid-template-columns:minmax(0, 1fr);}}<\/style><div class=\"kb-row-layout-wrap kb-row-layout-id1645_fb35b5-1a alignnone wp-block-kadence-rowlayout\"><div class=\"kt-row-column-wrap kt-has-1-columns kt-row-layout-equal kt-tab-layout-inherit kt-mobile-layout-row kt-row-valign-top\">\n<style>.kadence-column1645_a1fb62-0f > .kt-inside-inner-col,.kadence-column1645_a1fb62-0f > .kt-inside-inner-col:before{border-top-left-radius:0px;border-top-right-radius:0px;border-bottom-right-radius:0px;border-bottom-left-radius:0px;}.kadence-column1645_a1fb62-0f > .kt-inside-inner-col{column-gap:10px;}.kadence-column1645_a1fb62-0f > .kt-inside-inner-col{flex-direction:column;}.kadence-column1645_a1fb62-0f > .kt-inside-inner-col > .aligncenter{width:100%;}.kadence-column1645_a1fb62-0f > .kt-inside-inner-col:before{opacity:0.3;}.kadence-column1645_a1fb62-0f{text-align:center;}.kadence-column1645_a1fb62-0f{position:relative;}@media all and (max-width: 1024px){.kadence-column1645_a1fb62-0f > .kt-inside-inner-col{flex-direction:column;justify-content:center;}}@media all and (max-width: 767px){.kadence-column1645_a1fb62-0f > .kt-inside-inner-col{column-gap:0px;flex-direction:column;justify-content:center;}.kadence-column1645_a1fb62-0f{text-align:center;}}<\/style>\n<div class=\"wp-block-kadence-column kadence-column1645_a1fb62-0f kb-section-dir-vertical kb-section-sm-dir-vertical\"><div class=\"kt-inside-inner-col\">\n<h6 class=\"wp-block-heading is-style-h2-vg1\">Nuestros<\/h6>\n\n\n<br class=\"cs-linebreak\" \/>\n\n\n\n<h6 class=\"wp-block-heading is-style-h1-vg2\">Paquetes<\/h6>\n\n\n<br class=\"cs-linebreak\" \/>\n\n\n\n<h6 class=\"wp-block-heading is-style-h1-vg2\">de Bebidas<\/h6>\n<\/div><\/div>\n\n<\/div><\/div><\/div><\/div>\n\n<\/div><\/div>\n\n<style>.kb-row-layout-wrap.wp-block-kadence-rowlayout.kb-row-layout-id1645_31ec2e-1c{margin-top:0px;margin-bottom:0px;}.kb-row-layout-id1645_31ec2e-1c > .kt-row-column-wrap{align-content:center;}:where(.kb-row-layout-id1645_31ec2e-1c > .kt-row-column-wrap) > .wp-block-kadence-column{justify-content:center;}.kb-row-layout-id1645_31ec2e-1c > .kt-row-column-wrap{column-gap:var(--global-kb-gap-md, 2rem);row-gap:var(--global-kb-gap-md, 2rem);padding-top:0px;padding-right:0px;padding-bottom:0px;padding-left:0px;grid-template-columns:minmax(0, 1fr);}.kb-row-layout-id1645_31ec2e-1c > .kt-row-layout-overlay{opacity:0.30;}@media all and (max-width: 1024px){.kb-row-layout-id1645_31ec2e-1c > .kt-row-column-wrap{grid-template-columns:minmax(0, 1fr);}}@media all and (max-width: 767px){.kb-row-layout-id1645_31ec2e-1c > .kt-row-column-wrap{grid-template-columns:minmax(0, 1fr);}}<\/style><div class=\"kb-row-layout-wrap kb-row-layout-id1645_31ec2e-1c alignfull wp-block-kadence-rowlayout\"><div class=\"kt-row-column-wrap kt-has-1-columns kt-row-layout-equal kt-tab-layout-inherit kt-mobile-layout-row kt-row-valign-middle\">\n<style>.kadence-column1645_c2b27e-39 > .kt-inside-inner-col,.kadence-column1645_c2b27e-39 > .kt-inside-inner-col:before{border-top-left-radius:0px;border-top-right-radius:0px;border-bottom-right-radius:0px;border-bottom-left-radius:0px;}.kadence-column1645_c2b27e-39 > .kt-inside-inner-col{column-gap:var(--global-kb-gap-sm, 1rem);}.kadence-column1645_c2b27e-39 > .kt-inside-inner-col{flex-direction:column;}.kadence-column1645_c2b27e-39 > .kt-inside-inner-col > .aligncenter{width:100%;}.kadence-column1645_c2b27e-39 > .kt-inside-inner-col:before{opacity:0.3;}.kadence-column1645_c2b27e-39{position:relative;}@media all and (max-width: 1024px){.kadence-column1645_c2b27e-39 > .kt-inside-inner-col{flex-direction:column;justify-content:center;}}@media all and (max-width: 767px){.kadence-column1645_c2b27e-39 > .kt-inside-inner-col{flex-direction:column;justify-content:center;}}<\/style>\n<div class=\"wp-block-kadence-column kadence-column1645_c2b27e-39 inner-column-1\"><div class=\"kt-inside-inner-col\"><style>.kb-row-layout-wrap.wp-block-kadence-rowlayout.kb-row-layout-id1645_b54925-00{margin-top:0rem;margin-bottom:0rem;}.kb-row-layout-id1645_b54925-00 > .kt-row-column-wrap{align-content:start;}:where(.kb-row-layout-id1645_b54925-00 > .kt-row-column-wrap) > .wp-block-kadence-column{justify-content:start;}.kb-row-layout-id1645_b54925-00 > .kt-row-column-wrap{column-gap:var(--global-kb-gap-md, 2rem);row-gap:var(--global-kb-gap-md, 2rem);padding-top:0rem;padding-bottom:0rem;grid-template-columns:minmax(0, 1fr);}.kb-row-layout-id1645_b54925-00 > .kt-row-layout-overlay{opacity:0.30;}@media all and (max-width: 1024px){.kb-row-layout-id1645_b54925-00 > .kt-row-column-wrap{grid-template-columns:minmax(0, 1fr);}}@media all and (max-width: 767px){.kb-row-layout-id1645_b54925-00 > .kt-row-column-wrap{grid-template-columns:minmax(0, 1fr);}.kb-row-layout-id1645_b54925-00 > .kt-row-column-wrap > .wp-block-kadence-column:nth-child(1 of *:not(style)){order:1;}.kb-row-layout-id1645_b54925-00 > .kt-row-column-wrap > .wp-block-kadence-column:nth-child(2 of *:not(style)){order:11;}.kb-row-layout-id1645_b54925-00 > .kt-row-column-wrap > .wp-block-kadence-column:nth-child(3 of *:not(style)){order:21;}.kb-row-layout-id1645_b54925-00 > .kt-row-column-wrap > .wp-block-kadence-column:nth-child(4 of *:not(style)){order:31;}}<\/style><div class=\"kb-row-layout-wrap kb-row-layout-id1645_b54925-00 alignnone container wp-block-kadence-rowlayout\"><div class=\"kt-row-column-wrap kt-has-1-columns kt-row-layout-equal kt-tab-layout-inherit kt-mobile-layout-row kt-row-valign-top\">\n<style>.kadence-column1645_c79258-b6 > .kt-inside-inner-col{display:flex;}.kadence-column1645_c79258-b6 > .kt-inside-inner-col{padding-top:2rem;}.kadence-column1645_c79258-b6 > .kt-inside-inner-col,.kadence-column1645_c79258-b6 > .kt-inside-inner-col:before{border-top-left-radius:0px;border-top-right-radius:0px;border-bottom-right-radius:0px;border-bottom-left-radius:0px;}.kadence-column1645_c79258-b6 > .kt-inside-inner-col{column-gap:var(--global-kb-gap-sm, 1rem);}.kadence-column1645_c79258-b6 > .kt-inside-inner-col{flex-direction:column;align-items:center;}.kadence-column1645_c79258-b6 > .kt-inside-inner-col > .kb-image-is-ratio-size{align-self:stretch;}.kadence-column1645_c79258-b6 > .kt-inside-inner-col > .wp-block-kadence-advancedgallery{align-self:stretch;}.kadence-column1645_c79258-b6 > .kt-inside-inner-col > .aligncenter{width:100%;}.kadence-column1645_c79258-b6 > .kt-inside-inner-col:before{opacity:0.3;}.kadence-column1645_c79258-b6{position:relative;}@media all and (max-width: 1024px){.kadence-column1645_c79258-b6 > .kt-inside-inner-col{flex-direction:column;justify-content:center;align-items:center;}}@media all and (max-width: 767px){.kadence-column1645_c79258-b6{text-align:center;}.kadence-column1645_c79258-b6 > .kt-inside-inner-col{flex-direction:column;justify-content:center;align-items:center;}}<\/style>\n<div class=\"wp-block-kadence-column kadence-column1645_c79258-b6 inner-column-2\"><div class=\"kt-inside-inner-col\">\n<figure class=\"wp-block-image size-large is-resized\"><img decoding=\"async\" src=\"https:\/\/2026.spartacus.cruises\/wp-content\/uploads\/2024\/09\/nicko-cruises.svg\" alt=\"\" class=\"wp-image-2210\" style=\"width:200px\" title=\"\"><\/figure>\n\n\n\n<div style=\"height:1rem\" aria-hidden=\"true\" class=\"wp-block-spacer\"><\/div>\n\n\n\n<div class=\"wp-block-group\"><div class=\"wp-block-group__inner-container is-layout-flow wp-block-group-is-layout-flow\">\n<p class=\"has-text-align-center\"><strong>El precio del viaje incluye pensi\u00f3n completa con caf\u00e9, t\u00e9 y agua gratuitos con las comidas.<br>Se pueden pedir bebidas adicionales de un amplio men\u00fa.<\/strong><\/p>\n\n\n\n<p class=\"has-text-align-center\"><strong>Hay dos opciones de todo incluido disponibles bajo petici\u00f3n.<\/strong><br>En caso de ocupaci\u00f3n doble, los paquetes s\u00f3lo pueden reservarse para los dos hu\u00e9spedes del camarote en cualquier bar el d\u00eda de embarque. Si desea evitar hacer cola, puede solicitar los paquetes al reservar su camarote.<\/p>\n\n\n\n<p class=\"has-text-align-center\">Sujeto a cambios sin previo aviso.<\/p>\n<\/div><\/div>\n<\/div><\/div>\n\n<\/div><\/div>\n\n<style>.kb-row-layout-wrap.wp-block-kadence-rowlayout.kb-row-layout-id1645_b32c6c-71{margin-top:0rem;margin-bottom:0rem;}.kb-row-layout-id1645_b32c6c-71 > .kt-row-column-wrap{align-content:start;}:where(.kb-row-layout-id1645_b32c6c-71 > .kt-row-column-wrap) > .wp-block-kadence-column{justify-content:start;}.kb-row-layout-id1645_b32c6c-71 > .kt-row-column-wrap{column-gap:var(--global-kb-gap-md, 2rem);row-gap:var(--global-kb-gap-md, 2rem);padding-top:0rem;padding-bottom:0rem;grid-template-columns:repeat(2, minmax(0, 1fr));}.kb-row-layout-id1645_b32c6c-71 > .kt-row-layout-overlay{opacity:0.30;}@media all and (max-width: 1024px){.kb-row-layout-id1645_b32c6c-71 > .kt-row-column-wrap{grid-template-columns:repeat(2, minmax(0, 1fr));}}@media all and (max-width: 767px){.kb-row-layout-id1645_b32c6c-71 > .kt-row-column-wrap{grid-template-columns:minmax(0, 1fr);}}<\/style><div class=\"kb-row-layout-wrap kb-row-layout-id1645_b32c6c-71 alignnone container wp-block-kadence-rowlayout\"><div class=\"kt-row-column-wrap kt-has-2-columns kt-row-layout-equal kt-tab-layout-inherit kt-mobile-layout-row kt-row-valign-top\">\n<style>.kadence-column1645_f0bd22-9b > .kt-inside-inner-col{padding-top:2rem;}.kadence-column1645_f0bd22-9b > .kt-inside-inner-col,.kadence-column1645_f0bd22-9b > .kt-inside-inner-col:before{border-top-left-radius:0px;border-top-right-radius:0px;border-bottom-right-radius:0px;border-bottom-left-radius:0px;}.kadence-column1645_f0bd22-9b > .kt-inside-inner-col{column-gap:var(--global-kb-gap-sm, 1rem);}.kadence-column1645_f0bd22-9b > .kt-inside-inner-col{flex-direction:column;}.kadence-column1645_f0bd22-9b > .kt-inside-inner-col > .aligncenter{width:100%;}.kadence-column1645_f0bd22-9b > .kt-inside-inner-col:before{opacity:0.3;}.kadence-column1645_f0bd22-9b{position:relative;}@media all and (max-width: 1024px){.kadence-column1645_f0bd22-9b > .kt-inside-inner-col{flex-direction:column;justify-content:center;}}@media all and (max-width: 767px){.kadence-column1645_f0bd22-9b > .kt-inside-inner-col{flex-direction:column;justify-content:center;}}<\/style>\n<div class=\"wp-block-kadence-column kadence-column1645_f0bd22-9b inner-column-1\"><div class=\"kt-inside-inner-col\">\n<h6 class=\"wp-block-heading is-style-h2-vg1\">Paquete<\/h6>\n\n\n<br class=\"cs-linebreak\" \/>\n\n\n\n<h2 class=\"wp-block-heading is-style-h1-vg2\">Classic<\/h2>\n\n\n<br class=\"cs-linebreak\" \/>\n\n\n\n<h2 class=\"wp-block-heading is-style-h3-vg2\">35\u20ac por d\u00eda y persona<\/h2>\n\n\n\n<div style=\"height:2rem\" aria-hidden=\"true\" class=\"wp-block-spacer\"><\/div>\n\n\n\n<ul class=\"wp-block-list\">\n<li>Vinos de la casa por copas (blanco, rosado y tinto)<\/li>\n\n\n\n<li>Vino espumoso de la casa por copas<\/li>\n\n\n\n<li>Vino de Oporto, vino de Madeira y jerez<\/li>\n\n\n\n<li>Cervezas de barril y embotelladas, cerveza sin alcohol (excepto Guinness y sidra Somersby)<\/li>\n\n\n\n<li>Todos los c\u00f3cteles sin alcohol<\/li>\n\n\n\n<li>Aperitivo (Aperol Spritz\/Naranja, Campari Soda\/Naranja)<\/li>\n\n\n\n<li>Todas las bebidas sin alcohol abiertas (zumos y refrescos)<\/li>\n\n\n\n<li>Agua mineral y agua sin gas<\/li>\n\n\n\n<li>Caf\u00e9 de filtro, capuchino, espresso, chocolate caliente y t\u00e9, disponibles en el &#8220;Dome&#8221;, &#8220;Capuccino&#8217;s&#8221;, &#8220;Blue Room&#8221; y &#8220;Ocean Bar&#8221;.<\/li>\n<\/ul>\n<\/div><\/div>\n\n\n<style>.kadence-column1645_eada52-f6 > .kt-inside-inner-col{padding-top:2rem;}.kadence-column1645_eada52-f6 > .kt-inside-inner-col,.kadence-column1645_eada52-f6 > .kt-inside-inner-col:before{border-top-left-radius:0px;border-top-right-radius:0px;border-bottom-right-radius:0px;border-bottom-left-radius:0px;}.kadence-column1645_eada52-f6 > .kt-inside-inner-col{column-gap:var(--global-kb-gap-sm, 1rem);}.kadence-column1645_eada52-f6 > .kt-inside-inner-col{flex-direction:column;}.kadence-column1645_eada52-f6 > .kt-inside-inner-col > .aligncenter{width:100%;}.kadence-column1645_eada52-f6 > .kt-inside-inner-col:before{opacity:0.3;}.kadence-column1645_eada52-f6{position:relative;}@media all and (max-width: 1024px){.kadence-column1645_eada52-f6 > .kt-inside-inner-col{flex-direction:column;justify-content:center;}}@media all and (max-width: 767px){.kadence-column1645_eada52-f6{text-align:left;}.kadence-column1645_eada52-f6 > .kt-inside-inner-col{flex-direction:column;justify-content:center;}}<\/style>\n<div class=\"wp-block-kadence-column kadence-column1645_eada52-f6 inner-column-2\"><div class=\"kt-inside-inner-col\">\n<h6 class=\"wp-block-heading is-style-h2-vg1\">Paquete<\/h6>\n\n\n<br class=\"cs-linebreak\" \/>\n\n\n\n<h2 class=\"wp-block-heading is-style-h1-vg2\">Premium<\/h2>\n\n\n<br class=\"cs-linebreak\" \/>\n\n\n\n<h2 class=\"wp-block-heading is-style-h3-vg2\">55\u20ac por d\u00eda y persona<\/h2>\n\n\n\n<div style=\"height:2rem\" aria-hidden=\"true\" class=\"wp-block-spacer\"><\/div>\n\n\n\n<ul class=\"wp-block-list\">\n<li>Todos los servicios del paquete de bebidas Classic y adem\u00e1s<\/li>\n\n\n\n<li>Cr\u00e9mant en copa<\/li>\n\n\n\n<li>botella de Guinness y botella de sidra Somersby)<\/li>\n\n\n\n<li>Todos los c\u00f3cteles (con alcohol)<\/li>\n\n\n\n<li>Agua mineral San Pellegrino<\/li>\n\n\n\n<li>Mezclador premium (por ejemplo, Fever Tree Tonic Water Elderflower y Tonic 1724)<\/li>\n\n\n\n<li>Varios whiskies (por ejemplo, Chivas Regal 12 a\u00f1os, Jack DanieI&#8217;s Old No. 7)<\/li>\n\n\n\n<li>Varias ginebras (por ejemplo, Bombay Star, Tanqueray 10 y Hendrick&#8217;s)<\/li>\n\n\n\n<li>Varios tipos de vodka (por ejemplo, Stolichnaya, Absolut Citron, Belvedere, Ketel One, Grey Goose)<\/li>\n\n\n\n<li>Varios tipos de ron (por ejemplo, Havana Club A\u00f1ejo, Mount Gay, Pyrat XO)<\/li>\n\n\n\n<li>Reserve y Sagatiba Pura Cachaca)<\/li>\n\n\n\n<li>Varios tequilas (por ejemplo, Jos\u00e9 Cuervo Silver y Gold, Patron Silver y A\u00f1ejo y Don Julio A\u00f1ejo)<\/li>\n\n\n\n<li>Varios brandies y co\u00f1acs (por ejemplo, Armagnac Cles des Ducs, Calvados. Grappa Alexander Cru y Hennessy VSOP)<\/li>\n\n\n\n<li>Varios brandies de frutas (brandy de frambuesa, brandy de cereza, Mirabell, brandy de frutas y Williams pera)<\/li>\n\n\n\n<li>Varios licores (por ejemplo, Amaretto, Bailey&#8217;s, Frangelico, Galliano, Kahlua y Limoncello)<\/li>\n\n\n\n<li>Varios amargos (Fernet Branca, J\u00e4germeister)<\/li>\n\n\n\n<li>Varios vermuts (por ejemplo, Dubonnet aperitivo y Martini Bianco\/Rosso)<\/li>\n\n\n\n<li>Aquavit (Bommerlunder, Loiten&#8217;s line)<\/li>\n<\/ul>\n<\/div><\/div>\n\n<\/div><\/div><\/div><\/div>\n\n<\/div><\/div>\n\n\n<div style=\"height:10rem\" aria-hidden=\"true\" class=\"wp-block-spacer\"><\/div>\n","protected":false},"excerpt":{"rendered":"<p>Nuestros Paquetes de Bebidas El precio del viaje incluye pensi\u00f3n completa con caf\u00e9, t\u00e9 y agua gratuitos con las comidas.Se [&hellip;]<\/p>\n","protected":false},"author":1,"featured_media":0,"parent":1636,"menu_order":20,"comment_status":"closed","ping_status":"closed","template":"","meta":{"_acf_changed":false,"inline_featured_image":false,"footnotes":""},"class_list":["post-1645","page","type-page","status-publish","hentry"],"acf":[],"_links":{"self":[{"href":"https:\/\/2026.spartacus.cruises\/es\/wp-json\/wp\/v2\/pages\/1645","targetHints":{"allow":["GET"]}}],"collection":[{"href":"https:\/\/2026.spartacus.cruises\/es\/wp-json\/wp\/v2\/pages"}],"about":[{"href":"https:\/\/2026.spartacus.cruises\/es\/wp-json\/wp\/v2\/types\/page"}],"author":[{"embeddable":true,"href":"https:\/\/2026.spartacus.cruises\/es\/wp-json\/wp\/v2\/users\/1"}],"replies":[{"embeddable":true,"href":"https:\/\/2026.spartacus.cruises\/es\/wp-json\/wp\/v2\/comments?post=1645"}],"version-history":[{"count":1,"href":"https:\/\/2026.spartacus.cruises\/es\/wp-json\/wp\/v2\/pages\/1645\/revisions"}],"predecessor-version":[{"id":3622,"href":"https:\/\/2026.spartacus.cruises\/es\/wp-json\/wp\/v2\/pages\/1645\/revisions\/3622"}],"up":[{"embeddable":true,"href":"https:\/\/2026.spartacus.cruises\/es\/wp-json\/wp\/v2\/pages\/1636"}],"wp:attachment":[{"href":"https:\/\/2026.spartacus.cruises\/es\/wp-json\/wp\/v2\/media?parent=1645"}],"curies":[{"name":"wp","href":"https:\/\/api.w.org\/{rel}","templated":true}]}}